{"id":3,"date":"2020-03-20T11:54:17","date_gmt":"2020-03-20T10:54:17","guid":{"rendered":"https:\/\/successfultunisia.com\/En\/?page_id=3"},"modified":"2020-10-02T09:35:28","modified_gmt":"2020-10-02T07:35:28","slug":"politique-de-confidentialite","status":"publish","type":"page","link":"https:\/\/successfultunisia.com\/En\/politique-de-confidentialite\/","title":{"rendered":"Politique de confidentialit\u00e9"},"content":{"rendered":"\n<h2>Qui sommes-nous&nbsp;?<\/h2>\n\n\n\n<p>L\u2019adresse de notre site Web est\u00a0: <a aria-label=\"undefined (s\u2019ouvre dans un nouvel onglet)\" href=\"https:\/\/successfultunisia.com\/En\" target=\"_blank\" rel=\"noreferrer noopener\">https:\/\/successfultunisia.com\/En<\/a><br><strong>Soci\u00e9t\u00e9 <\/strong>: Digi Perfect<br><strong>Nom commercial <\/strong>: Digi Perfect<br><strong>Siege Social <\/strong>: Rue du Lac Malaren ,1053 les Berges du Lac Tunis, Tunis, Tunisie<br><strong>Email <\/strong>: <a href=\"mailto:contact@successfultunisia.com\">contact@successfultunisia.com<\/a><br><strong>TEL<\/strong>: (+216) 98 729 646<br><strong>RCS <\/strong>:<\/p>\n\n\n\n<h2>Utilisation des donn\u00e9es personnelles collect\u00e9es<\/h2>\n\n\n\n<h3>Commentaires<\/h3>\n\n\n\n<p>Quand vous laissez un commentaire sur notre site web, les donn\u00e9es inscrites dans le formulaire de commentaire, mais aussi votre adresse IP et l\u2019agent utilisateur de votre navigateur sont collect\u00e9s pour nous aider \u00e0 la d\u00e9tection des commentaires ind\u00e9sirables.<\/p>\n\n\n\n<p>Une cha\u00eene anonymis\u00e9e cr\u00e9\u00e9e \u00e0 partir de votre adresse de messagerie (\u00e9galement appel\u00e9e hash) peut \u00eatre envoy\u00e9e au service Gravatar pour v\u00e9rifier si vous utilisez ce dernier. Les clauses de confidentialit\u00e9 du service Gravatar sont disponibles ici&nbsp;: https:\/\/automattic.com\/privacy\/. Apr\u00e8s validation de votre commentaire, votre photo de profil sera visible publiquement \u00e0 cot\u00e9 de votre commentaire.<\/p>\n\n\n\n<h3>M\u00e9dias<\/h3>\n\n\n\n<p>Si vous \u00eates un utilisateur ou une utilisatrice enregistr\u00e9(e) et que vous t\u00e9l\u00e9versez des images sur le site web, nous vous conseillons d\u2019\u00e9viter de t\u00e9l\u00e9verser des images contenant des donn\u00e9es EXIF de coordonn\u00e9es GPS. Les visiteurs de votre site web peuvent t\u00e9l\u00e9charger et extraire des donn\u00e9es de localisation depuis ces images.<\/p>\n\n\n\n<h3>Formulaires de contact<\/h3>\n\n\n\n<p>Les informations recueillies via un formulaire de contact, peuvent \u00eatre enregistr\u00e9es dans un fichier informatis\u00e9, pour nous permettre de vous recontacter dans le cadre de la relation commerciale qui d\u00e9coule de cette demande.<\/p>\n\n\n\n<h3>Cookies<\/h3>\n\n\n\n<p>Si vous d\u00e9posez un commentaire sur notre site, il vous sera propos\u00e9 d\u2019enregistrer votre nom, adresse de messagerie et site web dans des cookies. C\u2019est uniquement pour votre confort afin de ne pas avoir \u00e0 saisir ces informations si vous d\u00e9posez un autre commentaire plus tard. Ces cookies expirent au bout d\u2019un an.<\/p>\n\n\n\n<p>Si vous avez un compte et que vous vous connectez sur ce site, un cookie temporaire sera cr\u00e9\u00e9 afin de d\u00e9terminer si votre navigateur accepte les cookies. Il ne contient pas de donn\u00e9es personnelles et sera supprim\u00e9 automatiquement \u00e0 la fermeture de votre navigateur.<\/p>\n\n\n\n<p>Lorsque vous vous connecterez, nous mettrons en place un certain nombre de cookies pour enregistrer vos informations de connexion et vos pr\u00e9f\u00e9rences d\u2019\u00e9cran. La dur\u00e9e de vie d\u2019un cookie de connexion est de deux jours, celle d\u2019un cookie d\u2019option d\u2019\u00e9cran est d\u2019un an. Si vous cochez \u00ab&nbsp;Se souvenir de moi&nbsp;\u00bb, votre cookie de connexion sera conserv\u00e9 pendant deux semaines. Si vous vous d\u00e9connectez de votre compte, le cookie de connexion sera effac\u00e9.<\/p>\n\n\n\n<p>En modifiant ou en publiant un article, un cookie suppl\u00e9mentaire sera enregistr\u00e9 dans votre navigateur. Ce cookie ne comprend aucune donn\u00e9e personnelle. Il indique simplement l\u2019identifiant de l\u2019article que vous venez de modifier. Il expire au bout d\u2019un jour.<\/p>\n\n\n\n<h3>Contenu embarqu\u00e9 depuis d\u2019autres sites<\/h3>\n\n\n\n<p>Les articles de ce site peuvent inclure des contenus int\u00e9gr\u00e9s (par exemple des vid\u00e9os, images, articles\u2026). Le contenu int\u00e9gr\u00e9 depuis d\u2019autres sites se comporte de la m\u00eame mani\u00e8re que si le visiteur se rendait sur cet autre site.<\/p>\n\n\n\n<p>Ces sites web pourraient collecter des donn\u00e9es sur vous, utiliser des cookies, embarquer des outils de suivis tiers, suivre vos interactions avec ces contenus embarqu\u00e9s si vous disposez d\u2019un compte connect\u00e9 sur leur site web.<\/p>\n\n\n\n<h3>Statistiques et mesures d\u2019audience<\/h3>\n\n\n\n<p><strong>Google Analytics<\/strong><\/p>\n\n\n\n<p>Ce site Internet utilise Google Analytics, un service d\u2019analyse de site Internet fourni par Google Inc. (\u00ab&nbsp;Google&nbsp;\u00bb). Google Analytics utilise des \u00ab&nbsp;cookies&nbsp;\u00bb, qui sont des fichiers texte stock\u00e9s sur votre ordinateur, pour aider le site Internet \u00e0 analyser l\u2019utilisation du site par ses utilisateurs. Les donn\u00e9es g\u00e9n\u00e9r\u00e9es par les cookies concernant votre utilisation du site seront transmises et stock\u00e9es par Google sur des serveurs situ\u00e9s aux Etats-Unis.<\/p>\n\n\n\n<p>Si la fonction permettant de rendre anonyme l\u2019adresse IP est activ\u00e9e sur ce site, votre adresse IP sera toutefois, au sein des pays membres de l\u2019Union europ\u00e9enne et dans les autres \u00e9tats membres de l\u2019Espace \u00e9conomique europ\u00e9en, abr\u00e9g\u00e9e au pr\u00e9alable par Google. L\u2019adresse IP compl\u00e8te peut \u00eatre transmise exceptionnellement \u00e0 un serveur de Google situ\u00e9 aux \u00c9tats-Unis et y \u00eatre abr\u00e9g\u00e9e. La fonction rendant anonyme l\u2019adresse IP est activ\u00e9e sur ce site Internet. Google utilise ces informations pour analyser votre utilisation du site Internet, \u00e9tablir des rapports sur les activit\u00e9s en ligne \u00e0 l\u2019attention de l\u2019exploitant du site Internet, et am\u00e9liorer ses prestations de service en lien avec l\u2019utilisation de ce site et de l\u2019Internet.<\/p>\n\n\n\n<p>Google ne mettra pas en relation votre adresse IP avec toute autre donn\u00e9e d\u00e9tenue par Google. Vous pouvez d\u00e9sactiver l\u2019utilisation de cookies en s\u00e9lectionnant les param\u00e8tres appropri\u00e9s de votre navigateur. Cependant, une telle d\u00e9sactivation pourrait emp\u00eacher l\u2019utilisation de certaines fonctionnalit\u00e9s de ce site.<\/p>\n\n\n\n<p>Vous pouvez en outre emp\u00eacher la saisie par Google des fichiers g\u00e9n\u00e9r\u00e9s par le cookie se rapportant \u00e0 votre utilisation du site Internet (y compris votre adresse IP) ainsi que le traitement de ces donn\u00e9es par Google en t\u00e9l\u00e9chargeant et installant la configuration disponible du moteur de recherche par activation du lien suivant : <a href=\"http:\/\/tools.google.com\/dlpage\/gaoptout?hl=fr\" target=\"_blank\" aria-label=\"undefined (s\u2019ouvre dans un nouvel onglet)\" rel=\"noreferrer noopener\">http:\/\/tools.google.com\/dlpage\/gaoptout?hl=fr<\/a>.<\/p>\n\n\n\n<p><strong>Google Adsense<\/strong><\/p>\n\n\n\n<p>Ce site utilise Google AdSense, un service de diffusion d\u2019annonces publicitaires fourni par Google Inc. USA (\u00ab&nbsp;Google&nbsp;\u00bb), pour la diffusons d\u2019annonces textuelles ou graphiques. Google et ses r\u00e9seaux publicitaires tiers utilisent des \u00ab&nbsp;cookies&nbsp;\u00bb, qui sont des fichiers texte plac\u00e9s sur votre ordinateur, pour aider le site Internet \u00e0 analyser l\u2019utilisation du site par ses utilisateurs. Google AdSense utilise \u00e9galement des \u00ab&nbsp;balises Web&nbsp;\u00bb (Web Beacons, petites images transparentes) permettant de recueillir et d\u2019analyser par exemple le nombre de visiteurs sur le site. Les informations concernant votre utilisation de ce site sont recueillies via les cookies et \/ ou les balises Web puis sont transmises et stock\u00e9es par Google sur des serveurs situ\u00e9s aux Etats-Unis. Les partenaires publicitaires (Google AdSense entre autres) et autres tierces parties peuvent aussi utiliser ces informations pour r\u00e9aliser une \u00e9valuation de vos habitudes de consommation afin d\u2019afficher des publicit\u00e9s cibl\u00e9es et autres informations utiles personnalis\u00e9es. Google ne recoupera pas votre adresse IP avec toute autre donn\u00e9e d\u00e9tenue par Google. Vous pouvez vous opposer \u00e0 l\u2019enregistrement de cookies ou neutraliser les balises Web en s\u00e9lectionnant \u00ab&nbsp;Supprimer les cookies&nbsp;\u00bb dans votre navigateur (si vous utilisez Internet Explorer, cliquez sur \u00ab&nbsp;Outils&nbsp;\u00bb\/ \u00ab&nbsp;Options Internet&nbsp;\u00bb\/ \u00ab&nbsp;Confidentialit\u00e9&nbsp;\u00bb; pour Firefox, cliquez sur \u00ab&nbsp;Outils&nbsp;\u00bb\/ \u00ab&nbsp;Options&nbsp;\u00bb\/ \u00ab&nbsp;Vie priv\u00e9e&nbsp;\u00bb).<\/p>\n\n\n\n<p>Notez cependant qu\u2019une telle d\u00e9sactivation pourrait emp\u00eacher l\u2019utilisation de certaines fonctionnalit\u00e9s de ce site. En utilisant ce site Internet, vous consentez express\u00e9ment au traitement de vos donn\u00e9es nominatives par Google dans les conditions et pour les finalit\u00e9s d\u00e9crites ci-dessus.<\/p>\n\n\n\n<h2>Utilisation et transmission de vos donn\u00e9es personnelles<\/h2>\n\n\n\n<p>Aucune information personnelle de l\u2019utilisateur de ce site n\u2019est publi\u00e9e \u00e0 l\u2019insu de l\u2019utilisateur, \u00e9chang\u00e9e, transf\u00e9r\u00e9e, c\u00e9d\u00e9e ou vendue sur un support quelconque \u00e0 des tiers.<\/p>\n\n\n\n<h2>Dur\u00e9es de stockage de vos donn\u00e9es<\/h2>\n\n\n\n<p>Si vous laissez un commentaire, le commentaire et ses m\u00e9tadonn\u00e9es sont conserv\u00e9s ind\u00e9finiment. Cela permet de reconna\u00eetre et approuver automatiquement les commentaires suivants au lieu de les laisser dans la file de mod\u00e9ration.<\/p>\n\n\n\n<p>Pour les utilisateurs et utilisatrices qui s\u2019enregistrent sur notre site (si cela est possible), nous stockons \u00e9galement les donn\u00e9es personnelles indiqu\u00e9es dans leur profil. Tous les utilisateurs et utilisatrices peuvent voir, modifier ou supprimer leurs informations personnelles \u00e0 tout moment (\u00e0 l\u2019exception de leur nom d\u2019utilisateur\u00b7ice). Les gestionnaires du site peuvent aussi voir et modifier ces informations.<\/p>\n\n\n\n<h2>Les droits que vous avez sur vos donn\u00e9es<\/h2>\n\n\n\n<p>Si vous avez un compte ou si vous avez laiss\u00e9 des commentaires sur le site, vous pouvez demander \u00e0 recevoir un fichier contenant toutes les donn\u00e9es personnelles que nous poss\u00e9dons \u00e0 votre sujet, incluant celles que vous nous avez fournies. Vous pouvez \u00e9galement demander la suppression des donn\u00e9es personnelles vous concernant. Cela ne prend pas en compte les donn\u00e9es stock\u00e9es \u00e0 des fins administratives, l\u00e9gales ou pour des raisons de s\u00e9curit\u00e9.<\/p>\n\n\n\n<h2>Transmission de vos donn\u00e9es personnelles<\/h2>\n\n\n\n<p>Les commentaires des visiteurs peuvent \u00eatre v\u00e9rifi\u00e9s \u00e0 l\u2019aide d\u2019un service automatis\u00e9 de d\u00e9tection des commentaires ind\u00e9sirables.<\/p>\n\n\n\n<h2>Informations de contact<\/h2>\n\n\n\n<p>Nom :<br>Adresse :<br>Email :<\/p>\n\n\n\n<h2>Informations suppl\u00e9mentaires<\/h2>\n\n\n\n<h3>Comment nous prot\u00e9geons vos donn\u00e9es<\/h3>\n\n\n\n<p>Mises \u00e0 jour permanentes du CMS et des Plugins<br>Protocole SSL (Secure Sockets Layer)<br>Sauvegarde informatique<\/p>\n","protected":false},"excerpt":{"rendered":"<p>Qui sommes-nous&nbsp;? L\u2019adresse de notre site Web est\u00a0: https:\/\/successfultunisia.com\/EnSoci\u00e9t\u00e9 : Digi PerfectNom commercial : Digi PerfectSiege Social : Rue du Lac Malaren ,1053 les Berges du Lac Tunis, Tunis, TunisieEmail : contact@successfultunisia.comTEL: (+216) 98 729 646RCS : Utilisation des donn\u00e9es personnelles collect\u00e9es Commentaires Quand vous laissez un commentaire sur notre site web, les donn\u00e9es inscrites &hellip;<\/p>\n","protected":false},"author":1,"featured_media":0,"parent":0,"menu_order":0,"comment_status":"closed","ping_status":"closed","template":"","meta":[],"yoast_head":"<!-- This site is optimized with the Yoast SEO plugin v20.1 - https:\/\/yoast.com\/wordpress\/plugins\/seo\/ -->\n<title>Politique de confidentialit\u00e9 - Successful Tunisia<\/title>\n<meta name=\"robots\" content=\"index, follow, max-snippet:-1, max-image-preview:large, max-video-preview:-1\" \/>\n<link rel=\"canonical\" href=\"https:\/\/successfultunisia.com\/En\/politique-de-confidentialite\/\" \/>\n<meta property=\"og:locale\" content=\"en_US\" \/>\n<meta property=\"og:type\" content=\"article\" \/>\n<meta property=\"og:title\" content=\"Politique de confidentialit\u00e9 - Successful Tunisia\" \/>\n<meta property=\"og:description\" content=\"Qui sommes-nous&nbsp;? L\u2019adresse de notre site Web est\u00a0: https:\/\/successfultunisia.com\/EnSoci\u00e9t\u00e9 : Digi PerfectNom commercial : Digi PerfectSiege Social : Rue du Lac Malaren ,1053 les Berges du Lac Tunis, Tunis, TunisieEmail : contact@successfultunisia.comTEL: (+216) 98 729 646RCS : Utilisation des donn\u00e9es personnelles collect\u00e9es Commentaires Quand vous laissez un commentaire sur notre site web, les donn\u00e9es inscrites &hellip;\" \/>\n<meta property=\"og:url\" content=\"https:\/\/successfultunisia.com\/En\/politique-de-confidentialite\/\" \/>\n<meta property=\"og:site_name\" content=\"Successful Tunisia\" \/>\n<meta property=\"article:modified_time\" content=\"2020-10-02T07:35:28+00:00\" \/>\n<meta name=\"twitter:card\" content=\"summary_large_image\" \/>\n<meta name=\"twitter:label1\" content=\"Est. reading time\" \/>\n\t<meta name=\"twitter:data1\" content=\"7 minutes\" \/>\n<script type=\"application\/ld+json\" class=\"yoast-schema-graph\">{\"@context\":\"https:\/\/schema.org\",\"@graph\":[{\"@type\":\"WebPage\",\"@id\":\"https:\/\/successfultunisia.com\/En\/politique-de-confidentialite\/\",\"url\":\"https:\/\/successfultunisia.com\/En\/politique-de-confidentialite\/\",\"name\":\"Politique de confidentialit\u00e9 - Successful Tunisia\",\"isPartOf\":{\"@id\":\"https:\/\/successfultunisia.com\/En\/#website\"},\"datePublished\":\"2020-03-20T10:54:17+00:00\",\"dateModified\":\"2020-10-02T07:35:28+00:00\",\"breadcrumb\":{\"@id\":\"https:\/\/successfultunisia.com\/En\/politique-de-confidentialite\/#breadcrumb\"},\"inLanguage\":\"en-US\",\"potentialAction\":[{\"@type\":\"ReadAction\",\"target\":[\"https:\/\/successfultunisia.com\/En\/politique-de-confidentialite\/\"]}]},{\"@type\":\"BreadcrumbList\",\"@id\":\"https:\/\/successfultunisia.com\/En\/politique-de-confidentialite\/#breadcrumb\",\"itemListElement\":[{\"@type\":\"ListItem\",\"position\":1,\"name\":\"Accueil\",\"item\":\"https:\/\/successfultunisia.com\/En\/\"},{\"@type\":\"ListItem\",\"position\":2,\"name\":\"Politique de confidentialit\u00e9\"}]},{\"@type\":\"WebSite\",\"@id\":\"https:\/\/successfultunisia.com\/En\/#website\",\"url\":\"https:\/\/successfultunisia.com\/En\/\",\"name\":\"Successful Tunisia\",\"description\":\"\",\"potentialAction\":[{\"@type\":\"SearchAction\",\"target\":{\"@type\":\"EntryPoint\",\"urlTemplate\":\"https:\/\/successfultunisia.com\/En\/?s={search_term_string}\"},\"query-input\":\"required name=search_term_string\"}],\"inLanguage\":\"en-US\"}]}<\/script>\n<!-- \/ Yoast SEO plugin. -->","yoast_head_json":{"title":"Politique de confidentialit\u00e9 - Successful Tunisia","robots":{"index":"index","follow":"follow","max-snippet":"max-snippet:-1","max-image-preview":"max-image-preview:large","max-video-preview":"max-video-preview:-1"},"canonical":"https:\/\/successfultunisia.com\/En\/politique-de-confidentialite\/","og_locale":"en_US","og_type":"article","og_title":"Politique de confidentialit\u00e9 - Successful Tunisia","og_description":"Qui sommes-nous&nbsp;? L\u2019adresse de notre site Web est\u00a0: https:\/\/successfultunisia.com\/EnSoci\u00e9t\u00e9 : Digi PerfectNom commercial : Digi PerfectSiege Social : Rue du Lac Malaren ,1053 les Berges du Lac Tunis, Tunis, TunisieEmail : contact@successfultunisia.comTEL: (+216) 98 729 646RCS : Utilisation des donn\u00e9es personnelles collect\u00e9es Commentaires Quand vous laissez un commentaire sur notre site web, les donn\u00e9es inscrites &hellip;","og_url":"https:\/\/successfultunisia.com\/En\/politique-de-confidentialite\/","og_site_name":"Successful Tunisia","article_modified_time":"2020-10-02T07:35:28+00:00","twitter_card":"summary_large_image","twitter_misc":{"Est. reading time":"7 minutes"},"schema":{"@context":"https:\/\/schema.org","@graph":[{"@type":"WebPage","@id":"https:\/\/successfultunisia.com\/En\/politique-de-confidentialite\/","url":"https:\/\/successfultunisia.com\/En\/politique-de-confidentialite\/","name":"Politique de confidentialit\u00e9 - Successful Tunisia","isPartOf":{"@id":"https:\/\/successfultunisia.com\/En\/#website"},"datePublished":"2020-03-20T10:54:17+00:00","dateModified":"2020-10-02T07:35:28+00:00","breadcrumb":{"@id":"https:\/\/successfultunisia.com\/En\/politique-de-confidentialite\/#breadcrumb"},"inLanguage":"en-US","potentialAction":[{"@type":"ReadAction","target":["https:\/\/successfultunisia.com\/En\/politique-de-confidentialite\/"]}]},{"@type":"BreadcrumbList","@id":"https:\/\/successfultunisia.com\/En\/politique-de-confidentialite\/#breadcrumb","itemListElement":[{"@type":"ListItem","position":1,"name":"Accueil","item":"https:\/\/successfultunisia.com\/En\/"},{"@type":"ListItem","position":2,"name":"Politique de confidentialit\u00e9"}]},{"@type":"WebSite","@id":"https:\/\/successfultunisia.com\/En\/#website","url":"https:\/\/successfultunisia.com\/En\/","name":"Successful Tunisia","description":"","potentialAction":[{"@type":"SearchAction","target":{"@type":"EntryPoint","urlTemplate":"https:\/\/successfultunisia.com\/En\/?s={search_term_string}"},"query-input":"required name=search_term_string"}],"inLanguage":"en-US"}]}},"_links":{"self":[{"href":"https:\/\/successfultunisia.com\/En\/wp-json\/wp\/v2\/pages\/3"}],"collection":[{"href":"https:\/\/successfultunisia.com\/En\/wp-json\/wp\/v2\/pages"}],"about":[{"href":"https:\/\/successfultunisia.com\/En\/wp-json\/wp\/v2\/types\/page"}],"author":[{"embeddable":true,"href":"https:\/\/successfultunisia.com\/En\/wp-json\/wp\/v2\/users\/1"}],"replies":[{"embeddable":true,"href":"https:\/\/successfultunisia.com\/En\/wp-json\/wp\/v2\/comments?post=3"}],"version-history":[{"count":3,"href":"https:\/\/successfultunisia.com\/En\/wp-json\/wp\/v2\/pages\/3\/revisions"}],"predecessor-version":[{"id":1372,"href":"https:\/\/successfultunisia.com\/En\/wp-json\/wp\/v2\/pages\/3\/revisions\/1372"}],"wp:attachment":[{"href":"https:\/\/successfultunisia.com\/En\/wp-json\/wp\/v2\/media?parent=3"}],"curies":[{"name":"wp","href":"https:\/\/api.w.org\/{rel}","templated":true}]}}