{"id":1330,"date":"2020-09-27T21:27:31","date_gmt":"2020-09-27T19:27:31","guid":{"rendered":"https:\/\/successfultunisia.com\/En\/?page_id=1330"},"modified":"2023-02-20T11:16:46","modified_gmt":"2023-02-20T10:16:46","slug":"qui-sommes-nous","status":"publish","type":"page","link":"https:\/\/successfultunisia.com\/En\/qui-sommes-nous\/","title":{"rendered":"Who are we"},"content":{"rendered":"\n<p><strong>Le premier \u00ab Positive Media \u00bb en Tunisie<br><\/strong>Le concept de \u00ab Positive Media \u00bb ou E-Clearing a \u00e9merg\u00e9 r\u00e9cemment pour faire face aux ondes destructives propag\u00e9es quotidiennement par le grand nombre de nouvelles n\u00e9gatives qui envahissent la sc\u00e8ne m\u00e9diatique, en particulier, la sc\u00e8ne num\u00e9rique. Dans ce contexte, Sucessful Tunisia intervient comme le premier \u00ab positive media \u00bb en Tunisie<br>Successful Tunisia, c\u2019est plus qu\u2019un m\u00e9dia, c\u2019est un projet qui vise \u00e0 promouvoir la culture de la r\u00e9ussite, de l&#8217;initiative, de travail et de l&#8217;action positive.<br><\/p>\n\n\n\n<ul>\n<li><strong>Notre Ligne \u00e9ditoriale :<br><\/strong>Notre ligne \u00e9ditoriale se distingue par sa dimension positive: nous sommes un m\u00e9dia num\u00e9rique qui aborde tous les sujets politiques, \u00e9conomiques, sociaux, culturels et sportifs, mais toujours \u00e0 partir d\u2019un point de vue optimiste. Nous nous concentrons sur tout ce qui cr\u00e9e l&#8217;espoir et diffuse des ondes positives.<\/li>\n\n\n\n<li><strong>Nos supports m\u00e9dia-digitaux :<br><\/strong>Un site web bien d\u00e9velopp\u00e9 et r\u00e9f\u00e9renci\u00e9 <a href=\"https:\/\/successfultunisia.com\/En\">www.successfultunisia.com<\/a><br><a href=\"https:\/\/www.facebook.com\/successfultunisia\">Facebook<\/a><br><a href=\"https:\/\/www.linkedin.com\/company\/successful-tunisia\">Linkedin<\/a><br><a href=\"https:\/\/www.instagram.com\/successfultunisia\/\">Instagram<\/a><br><a href=\"https:\/\/www.youtube.com\/channel\/UCIkw7zOtgkn_QlkZqcl2Wdw\">Youtube<\/a><br><strong>Note : <\/strong>Nous ma\u00eetrisons parfaitement l\u2019exploitation des diff\u00e9rentes plateformes et outils digitaux gr\u00e2ce au fait que nous faisons partie d\u2019une soci\u00e9t\u00e9 sp\u00e9cialis\u00e9e en marketing digital.<\/li>\n\n\n\n<li><strong>Notre contenu m\u00e9dia-digital :<br><\/strong>Articles bilingues (Arabe, fran\u00e7ais)<br>Cr\u00e9ation des vid\u00e9os<br>Couverture m\u00e9diatique des \u00e9v\u00e8nements sur terrain<br>Cr\u00e9ation des Albums Photos<br>Cr\u00e9ation des graphiques<br>Email Marketing : Mailchimp (Base des donn\u00e9es qualifi\u00e9e comprenant 10 milles personnes importantes)<\/li>\n<\/ul>\n","protected":false},"excerpt":{"rendered":"<p>Le premier \u00ab Positive Media \u00bb en TunisieLe concept de \u00ab Positive Media \u00bb ou E-Clearing a \u00e9merg\u00e9 r\u00e9cemment pour faire face aux ondes destructives propag\u00e9es quotidiennement par le grand nombre de nouvelles n\u00e9gatives qui envahissent la sc\u00e8ne m\u00e9diatique, en particulier, la sc\u00e8ne num\u00e9rique. Dans ce contexte, Sucessful Tunisia intervient comme le premier \u00ab positive &hellip;<\/p>\n","protected":false},"author":1,"featured_media":0,"parent":0,"menu_order":0,"comment_status":"closed","ping_status":"closed","template":"","meta":[],"yoast_head":"<!-- This site is optimized with the Yoast SEO plugin v20.1 - https:\/\/yoast.com\/wordpress\/plugins\/seo\/ -->\n<title>Who are we - Successful Tunisia<\/title>\n<meta name=\"robots\" content=\"index, follow, max-snippet:-1, max-image-preview:large, max-video-preview:-1\" \/>\n<link rel=\"canonical\" href=\"https:\/\/successfultunisia.com\/En\/qui-sommes-nous\/\" \/>\n<meta property=\"og:locale\" content=\"en_US\" \/>\n<meta property=\"og:type\" content=\"article\" \/>\n<meta property=\"og:title\" content=\"Who are we - Successful Tunisia\" \/>\n<meta property=\"og:description\" content=\"Le premier \u00ab Positive Media \u00bb en TunisieLe concept de \u00ab Positive Media \u00bb ou E-Clearing a \u00e9merg\u00e9 r\u00e9cemment pour faire face aux ondes destructives propag\u00e9es quotidiennement par le grand nombre de nouvelles n\u00e9gatives qui envahissent la sc\u00e8ne m\u00e9diatique, en particulier, la sc\u00e8ne num\u00e9rique. Dans ce contexte, Sucessful Tunisia intervient comme le premier \u00ab positive &hellip;\" \/>\n<meta property=\"og:url\" content=\"https:\/\/successfultunisia.com\/En\/qui-sommes-nous\/\" \/>\n<meta property=\"og:site_name\" content=\"Successful Tunisia\" \/>\n<meta property=\"article:modified_time\" content=\"2023-02-20T10:16:46+00:00\" \/>\n<meta name=\"twitter:card\" content=\"summary_large_image\" \/>\n<meta name=\"twitter:label1\" content=\"Est. reading time\" \/>\n\t<meta name=\"twitter:data1\" content=\"1 minute\" \/>\n<script type=\"application\/ld+json\" class=\"yoast-schema-graph\">{\"@context\":\"https:\/\/schema.org\",\"@graph\":[{\"@type\":\"WebPage\",\"@id\":\"https:\/\/successfultunisia.com\/En\/qui-sommes-nous\/\",\"url\":\"https:\/\/successfultunisia.com\/En\/qui-sommes-nous\/\",\"name\":\"Who are we - Successful Tunisia\",\"isPartOf\":{\"@id\":\"https:\/\/successfultunisia.com\/En\/#website\"},\"datePublished\":\"2020-09-27T19:27:31+00:00\",\"dateModified\":\"2023-02-20T10:16:46+00:00\",\"breadcrumb\":{\"@id\":\"https:\/\/successfultunisia.com\/En\/qui-sommes-nous\/#breadcrumb\"},\"inLanguage\":\"en-US\",\"potentialAction\":[{\"@type\":\"ReadAction\",\"target\":[\"https:\/\/successfultunisia.com\/En\/qui-sommes-nous\/\"]}]},{\"@type\":\"BreadcrumbList\",\"@id\":\"https:\/\/successfultunisia.com\/En\/qui-sommes-nous\/#breadcrumb\",\"itemListElement\":[{\"@type\":\"ListItem\",\"position\":1,\"name\":\"Accueil\",\"item\":\"https:\/\/successfultunisia.com\/En\/\"},{\"@type\":\"ListItem\",\"position\":2,\"name\":\"Who are we\"}]},{\"@type\":\"WebSite\",\"@id\":\"https:\/\/successfultunisia.com\/En\/#website\",\"url\":\"https:\/\/successfultunisia.com\/En\/\",\"name\":\"Successful Tunisia\",\"description\":\"\",\"potentialAction\":[{\"@type\":\"SearchAction\",\"target\":{\"@type\":\"EntryPoint\",\"urlTemplate\":\"https:\/\/successfultunisia.com\/En\/?s={search_term_string}\"},\"query-input\":\"required name=search_term_string\"}],\"inLanguage\":\"en-US\"}]}<\/script>\n<!-- \/ Yoast SEO plugin. -->","yoast_head_json":{"title":"Who are we - Successful Tunisia","robots":{"index":"index","follow":"follow","max-snippet":"max-snippet:-1","max-image-preview":"max-image-preview:large","max-video-preview":"max-video-preview:-1"},"canonical":"https:\/\/successfultunisia.com\/En\/qui-sommes-nous\/","og_locale":"en_US","og_type":"article","og_title":"Who are we - Successful Tunisia","og_description":"Le premier \u00ab Positive Media \u00bb en TunisieLe concept de \u00ab Positive Media \u00bb ou E-Clearing a \u00e9merg\u00e9 r\u00e9cemment pour faire face aux ondes destructives propag\u00e9es quotidiennement par le grand nombre de nouvelles n\u00e9gatives qui envahissent la sc\u00e8ne m\u00e9diatique, en particulier, la sc\u00e8ne num\u00e9rique. Dans ce contexte, Sucessful Tunisia intervient comme le premier \u00ab positive &hellip;","og_url":"https:\/\/successfultunisia.com\/En\/qui-sommes-nous\/","og_site_name":"Successful Tunisia","article_modified_time":"2023-02-20T10:16:46+00:00","twitter_card":"summary_large_image","twitter_misc":{"Est. reading time":"1 minute"},"schema":{"@context":"https:\/\/schema.org","@graph":[{"@type":"WebPage","@id":"https:\/\/successfultunisia.com\/En\/qui-sommes-nous\/","url":"https:\/\/successfultunisia.com\/En\/qui-sommes-nous\/","name":"Who are we - Successful Tunisia","isPartOf":{"@id":"https:\/\/successfultunisia.com\/En\/#website"},"datePublished":"2020-09-27T19:27:31+00:00","dateModified":"2023-02-20T10:16:46+00:00","breadcrumb":{"@id":"https:\/\/successfultunisia.com\/En\/qui-sommes-nous\/#breadcrumb"},"inLanguage":"en-US","potentialAction":[{"@type":"ReadAction","target":["https:\/\/successfultunisia.com\/En\/qui-sommes-nous\/"]}]},{"@type":"BreadcrumbList","@id":"https:\/\/successfultunisia.com\/En\/qui-sommes-nous\/#breadcrumb","itemListElement":[{"@type":"ListItem","position":1,"name":"Accueil","item":"https:\/\/successfultunisia.com\/En\/"},{"@type":"ListItem","position":2,"name":"Who are we"}]},{"@type":"WebSite","@id":"https:\/\/successfultunisia.com\/En\/#website","url":"https:\/\/successfultunisia.com\/En\/","name":"Successful Tunisia","description":"","potentialAction":[{"@type":"SearchAction","target":{"@type":"EntryPoint","urlTemplate":"https:\/\/successfultunisia.com\/En\/?s={search_term_string}"},"query-input":"required name=search_term_string"}],"inLanguage":"en-US"}]}},"_links":{"self":[{"href":"https:\/\/successfultunisia.com\/En\/wp-json\/wp\/v2\/pages\/1330"}],"collection":[{"href":"https:\/\/successfultunisia.com\/En\/wp-json\/wp\/v2\/pages"}],"about":[{"href":"https:\/\/successfultunisia.com\/En\/wp-json\/wp\/v2\/types\/page"}],"author":[{"embeddable":true,"href":"https:\/\/successfultunisia.com\/En\/wp-json\/wp\/v2\/users\/1"}],"replies":[{"embeddable":true,"href":"https:\/\/successfultunisia.com\/En\/wp-json\/wp\/v2\/comments?post=1330"}],"version-history":[{"count":3,"href":"https:\/\/successfultunisia.com\/En\/wp-json\/wp\/v2\/pages\/1330\/revisions"}],"predecessor-version":[{"id":4148,"href":"https:\/\/successfultunisia.com\/En\/wp-json\/wp\/v2\/pages\/1330\/revisions\/4148"}],"wp:attachment":[{"href":"https:\/\/successfultunisia.com\/En\/wp-json\/wp\/v2\/media?parent=1330"}],"curies":[{"name":"wp","href":"https:\/\/api.w.org\/{rel}","templated":true}]}}